{"id":245,"date":"2022-09-27T12:04:39","date_gmt":"2022-09-27T12:04:39","guid":{"rendered":"https:\/\/community.avarc.org\/?page_id=245"},"modified":"2022-09-27T12:04:40","modified_gmt":"2022-09-27T12:04:40","slug":"impressum","status":"publish","type":"page","link":"https:\/\/community.avarc.org\/en\/impressum\/","title":{"rendered":"Impressum"},"content":{"rendered":"<p>affective-archive.org <br>avarc.org<br>Kesselgasse 16<br>04600 Altenburg<br>E-Mail info(at)avarc.org<br><br>Inhaltlich verantwortlich:<br>Stefan Wahler und Julia Stolba, Kesselgasse 16, 04600 Altenburg<\/p>\n\n\n\n<p>Dieses Impressum gilt auch f\u00fcr weitere Webseiten und Social Media Seiten.<\/p>\n\n\n\n<h2 class=\"wp-block-heading\">Haftungshinweis<\/h2>\n\n\n\n<p>Diese Website wurde mit gr\u00f6\u00dftm\u00f6glicher Sorgfalt zusammengestellt. Trotzdem kann keine Gew\u00e4hr f\u00fcr die Fehlerfreiheit und Genauigkeit der enthaltenen Informationen \u00fcbernommen werden. Jegliche Haftung f\u00fcr Sch\u00e4den, die direkt oder indirekt aus der Benutzung dieser Websites entstehen, wird ausgeschlossen. Sofern von dieser Webseite aus auf Internetseiten verwiesen wird, die von Dritten betrieben werden, \u00fcbernimmt affective archive keine Verantwortung f\u00fcr deren Inhalte, hat keinerlei Einfluss auf die Gestaltung und die Inhalte und distanziert sich hiervon ausdr\u00fccklich. Die Nutzung von Links, die zu Seiten au\u00dferhalb von\u00a0aeviate! f\u00fchren, erfolgt auf eigene Verantwortung der Nutzer. Die Inhalte der Seiten www.affective-archive.org sind urheberrechtlich gesch\u00fctzt.<\/p>\n\n\n\n<h2 class=\"wp-block-heading\">Datenschutzhinweis<\/h2>\n\n\n\n<p>Diese Website benutzt Google Analytics, einen Webanalysedienst der Google Inc. (\u201eGoogle\u201c). Google Analytics verwendet sog. \u201eCookies\u201c, Textdateien, die auf Ihrem Computer gespeichert werden und die eine Analyse der Benutzung der Website durch Sie erm\u00f6glichen. Die durch den Cookie erzeugten Informationen \u00fcber Ihre Benutzung dieser Website (einschlie\u00dflich Ihrer IP-Adresse) wird an einen Server von Google in den USA \u00fcbertragen und dort gespeichert. Google wird diese Informationen benutzen, um Ihre Nutzung der Website auszuwerten, um Reports \u00fcber die Websiteaktivit\u00e4ten f\u00fcr die Websitebetreiber zusammenzustellen und um weitere mit der Websitenutzung und der Internetnutzung verbundene Dienstleistungen zu erbringen. Auch wird Google diese Informationen gegebenenfalls an Dritte \u00fcbertragen, sofern dies gesetzlich vorgeschrieben oder soweit Dritte diese Daten im Auftrag von Google verarbeiten. Google wird in keinem Fall Ihre IP-Adresse mit anderen Daten von Google in Verbindung bringen. Sie k\u00f6nnen die Installation der Cookies durch eine entsprechende Einstellung Ihrer Browser Software verhindern; wir weisen Sie jedoch darauf hin, dass Sie in diesem Fall gegebenenfalls nicht s\u00e4mtliche Funktionen dieser Website vollumf\u00e4nglich nutzen k\u00f6nnen. Durch die Nutzung dieser Website erkl\u00e4ren Sie sich mit der Bearbeitung der \u00fcber Sie erhobenen Daten durch Google in der zuvor beschriebenen Art und Weise und zu dem zuvor benannten Zweck einverstanden.<\/p>\n\n\n\n<h2 class=\"wp-block-heading\">Cookies und Meldungen zu Zugriffszahlen<\/h2>\n\n\n\n<p>Wir setzen \u201eSession-Cookies\u201c der VG Wort, M\u00fcnchen, zur Messung von Zugriffen auf Texten ein, um die Kopierwahrscheinlichkeit zu erfassen. Session-Cookies sind kleine Informationseinheiten, die ein Anbieter im Arbeitsspeicher des Computers des Besuchers speichert. In einem Session-Cookie wird eine zuf\u00e4llig erzeugte eindeutige Identifikationsnummer abgelegt, eine sogenannte Session-ID. Au\u00dferdem enth\u00e4lt ein Cookie die Angabe \u00fcber seine Herkunft und die Speicherfrist. Session-Cookies k\u00f6nnen keine anderen Daten speichern. Diese Messungen werden von der INFOnline GmbH nach dem Skalierbaren Zentralen Messverfahren (SZM) durchgef\u00fchrt. Sie helfen dabei, die Kopierwahrscheinlichkeit einzelner Texte zur Verg\u00fctung von gesetzlichen Anspr\u00fcchen von Autoren und Verlagen zu ermitteln. Wir erfassen keine personenbezogenen Daten \u00fcber Cookies.<\/p>\n\n\n\n<p>Viele unserer Seiten sind mit JavaScript-Aufrufen versehen, \u00fcber die wir die Zugriffe an die Verwertungsgesellschaft Wort (VG Wort) melden. Wir erm\u00f6glichen damit, dass unsere Autoren an den Aussch\u00fcttungen der VG Wort partizipieren, die die gesetzliche Verg\u00fctung f\u00fcr die Nutzungen urheberrechtlich gesch\u00fctzter Werke gem. \u00a7 53 UrhG sicherstellen.<\/p>\n\n\n\n<p>Eine Nutzung unserer Angebote ist auch ohne Cookies m\u00f6glich. Die meisten Browser sind so eingestellt, dass sie Cookies automatisch akzeptieren. Sie k\u00f6nnen das Speichern von Cookies jedoch deaktivieren oder Ihren Browser so einstellen, dass er Sie benachrichtigt, sobald Cookies gesendet werden.<\/p>\n\n\n\n<h2 class=\"wp-block-heading\">Datenschutzerkl\u00e4rung zur Nutzung des Skalierbaren Zentralen Messverfahrens<\/h2>\n\n\n\n<p>nsere Website und unser mobiles Webangebot nutzen das \u201eSkalierbare Zentrale Messverfahren\u201c (SZM) der INFOnline GmbH (https: Kopierwahrscheinlichkeit von Texten.<\/p>\n\n\n\n<p>Dabei werden anonyme Messwerte erhoben. Die Zugriffszahlenmessung verwendet zur Wiedererkennung von Computersystemen alternativ ein Session-Cookie oder eine Signatur, die aus verschiedenen automatisch \u00fcbertragenen Informationen Ihres Browsers erstellt wird. IP-Adressen werden nur in anonymisierter Form verarbeitet.<\/p>\n\n\n\n<p>Das Verfahren wurde unter der Beachtung des Datenschutzes entwickelt. Einziges Ziel des Verfahrens ist es, die Kopierwahrscheinlichkeit einzelner Texte zu ermitteln. Zu keinem Zeitpunkt werden einzelne Nutzer identifiziert. Ihre Identit\u00e4t bleibt immer gesch\u00fctzt. Sie erhalten \u00fcber das System keine Werbung.<\/p>","protected":false},"excerpt":{"rendered":"<p>affective-archive.org avarc.orgKesselgasse 1604600 AltenburgE-Mail info(at)avarc.org Inhaltlich verantwortlich:Stefan Wahler und Julia Stolba, Kesselgasse 16, 04600 Altenburg Dieses Impressum gilt auch f\u00fcr weitere Webseiten und Social Media&hellip;<\/p>","protected":false},"author":2,"featured_media":0,"parent":0,"menu_order":0,"comment_status":"closed","ping_status":"closed","template":"","meta":{"footnotes":""},"class_list":["post-245","page","type-page","status-publish","hentry"],"yoast_head":"<!-- This site is optimized with the Yoast SEO plugin v26.0 - https:\/\/yoast.com\/wordpress\/plugins\/seo\/ -->\n<title>Impressum - avArc<\/title>\n<meta name=\"robots\" content=\"index, follow, max-snippet:-1, max-image-preview:large, max-video-preview:-1\" \/>\n<link rel=\"canonical\" href=\"https:\/\/community.avarc.org\/en\/impressum\/\" class=\"yoast-seo-meta-tag\" \/>\n<meta property=\"og:locale\" content=\"en_US\" class=\"yoast-seo-meta-tag\" \/>\n<meta property=\"og:type\" content=\"article\" class=\"yoast-seo-meta-tag\" \/>\n<meta property=\"og:title\" content=\"Impressum - avArc\" class=\"yoast-seo-meta-tag\" \/>\n<meta property=\"og:description\" content=\"affective-archive.org avarc.orgKesselgasse 1604600 AltenburgE-Mail info(at)avarc.org Inhaltlich verantwortlich:Stefan Wahler und Julia Stolba, Kesselgasse 16, 04600 Altenburg Dieses Impressum gilt auch f\u00fcr weitere Webseiten und Social Media&hellip;\" class=\"yoast-seo-meta-tag\" \/>\n<meta property=\"og:url\" content=\"https:\/\/community.avarc.org\/en\/impressum\/\" class=\"yoast-seo-meta-tag\" \/>\n<meta property=\"og:site_name\" content=\"avArc\" class=\"yoast-seo-meta-tag\" \/>\n<meta property=\"article:publisher\" content=\"https:\/\/www.facebook.com\/avArc.org\/\" class=\"yoast-seo-meta-tag\" \/>\n<meta property=\"article:modified_time\" content=\"2022-09-27T12:04:40+00:00\" class=\"yoast-seo-meta-tag\" \/>\n<meta name=\"twitter:card\" content=\"summary_large_image\" class=\"yoast-seo-meta-tag\" \/>\n<meta name=\"twitter:site\" content=\"@AvarcOrg\" class=\"yoast-seo-meta-tag\" \/>\n<meta name=\"twitter:label1\" content=\"Est. reading time\" class=\"yoast-seo-meta-tag\" \/>\n\t<meta name=\"twitter:data1\" content=\"3 minutes\" class=\"yoast-seo-meta-tag\" \/>\n<script type=\"application\/ld+json\" class=\"yoast-schema-graph\">{\"@context\":\"https:\/\/schema.org\",\"@graph\":[{\"@type\":\"WebPage\",\"@id\":\"https:\/\/community.avarc.org\/impressum\/\",\"url\":\"https:\/\/community.avarc.org\/impressum\/\",\"name\":\"Impressum - avArc\",\"isPartOf\":{\"@id\":\"https:\/\/community.avarc.org\/#website\"},\"datePublished\":\"2022-09-27T12:04:39+00:00\",\"dateModified\":\"2022-09-27T12:04:40+00:00\",\"breadcrumb\":{\"@id\":\"https:\/\/community.avarc.org\/impressum\/#breadcrumb\"},\"inLanguage\":\"en-US\",\"potentialAction\":[{\"@type\":\"ReadAction\",\"target\":[\"https:\/\/community.avarc.org\/impressum\/\"]}]},{\"@type\":\"BreadcrumbList\",\"@id\":\"https:\/\/community.avarc.org\/impressum\/#breadcrumb\",\"itemListElement\":[{\"@type\":\"ListItem\",\"position\":1,\"name\":\"Startseite\",\"item\":\"https:\/\/community.avarc.org\/\"},{\"@type\":\"ListItem\",\"position\":2,\"name\":\"Impressum\"}]},{\"@type\":\"WebSite\",\"@id\":\"https:\/\/community.avarc.org\/#website\",\"url\":\"https:\/\/community.avarc.org\/\",\"name\":\"avArc\",\"description\":\"a landscape of memory and temporalities\",\"publisher\":{\"@id\":\"https:\/\/community.avarc.org\/#organization\"},\"potentialAction\":[{\"@type\":\"SearchAction\",\"target\":{\"@type\":\"EntryPoint\",\"urlTemplate\":\"https:\/\/community.avarc.org\/?s={search_term_string}\"},\"query-input\":{\"@type\":\"PropertyValueSpecification\",\"valueRequired\":true,\"valueName\":\"search_term_string\"}}],\"inLanguage\":\"en-US\"},{\"@type\":\"Organization\",\"@id\":\"https:\/\/community.avarc.org\/#organization\",\"name\":\"avArc\",\"url\":\"https:\/\/community.avarc.org\/\",\"logo\":{\"@type\":\"ImageObject\",\"inLanguage\":\"en-US\",\"@id\":\"https:\/\/community.avarc.org\/#\/schema\/logo\/image\/\",\"url\":\"https:\/\/community.avarc.org\/wp-content\/uploads\/2022\/10\/AvarcIconH512.png\",\"contentUrl\":\"https:\/\/community.avarc.org\/wp-content\/uploads\/2022\/10\/AvarcIconH512.png\",\"width\":342,\"height\":512,\"caption\":\"avArc\"},\"image\":{\"@id\":\"https:\/\/community.avarc.org\/#\/schema\/logo\/image\/\"},\"sameAs\":[\"https:\/\/www.facebook.com\/avArc.org\/\",\"https:\/\/x.com\/AvarcOrg\",\"https:\/\/www.instagram.com\/avarc_org\/\"]}]}<\/script>\n<!-- \/ Yoast SEO plugin. -->","yoast_head_json":{"title":"Impressum - avArc","robots":{"index":"index","follow":"follow","max-snippet":"max-snippet:-1","max-image-preview":"max-image-preview:large","max-video-preview":"max-video-preview:-1"},"canonical":"https:\/\/community.avarc.org\/en\/impressum\/","og_locale":"en_US","og_type":"article","og_title":"Impressum - avArc","og_description":"affective-archive.org avarc.orgKesselgasse 1604600 AltenburgE-Mail info(at)avarc.org Inhaltlich verantwortlich:Stefan Wahler und Julia Stolba, Kesselgasse 16, 04600 Altenburg Dieses Impressum gilt auch f\u00fcr weitere Webseiten und Social Media&hellip;","og_url":"https:\/\/community.avarc.org\/en\/impressum\/","og_site_name":"avArc","article_publisher":"https:\/\/www.facebook.com\/avArc.org\/","article_modified_time":"2022-09-27T12:04:40+00:00","twitter_card":"summary_large_image","twitter_site":"@AvarcOrg","twitter_misc":{"Est. reading time":"3 minutes"},"schema":{"@context":"https:\/\/schema.org","@graph":[{"@type":"WebPage","@id":"https:\/\/community.avarc.org\/impressum\/","url":"https:\/\/community.avarc.org\/impressum\/","name":"Impressum - avArc","isPartOf":{"@id":"https:\/\/community.avarc.org\/#website"},"datePublished":"2022-09-27T12:04:39+00:00","dateModified":"2022-09-27T12:04:40+00:00","breadcrumb":{"@id":"https:\/\/community.avarc.org\/impressum\/#breadcrumb"},"inLanguage":"en-US","potentialAction":[{"@type":"ReadAction","target":["https:\/\/community.avarc.org\/impressum\/"]}]},{"@type":"BreadcrumbList","@id":"https:\/\/community.avarc.org\/impressum\/#breadcrumb","itemListElement":[{"@type":"ListItem","position":1,"name":"Startseite","item":"https:\/\/community.avarc.org\/"},{"@type":"ListItem","position":2,"name":"Impressum"}]},{"@type":"WebSite","@id":"https:\/\/community.avarc.org\/#website","url":"https:\/\/community.avarc.org\/","name":"avArc","description":"a landscape of memory and temporalities","publisher":{"@id":"https:\/\/community.avarc.org\/#organization"},"potentialAction":[{"@type":"SearchAction","target":{"@type":"EntryPoint","urlTemplate":"https:\/\/community.avarc.org\/?s={search_term_string}"},"query-input":{"@type":"PropertyValueSpecification","valueRequired":true,"valueName":"search_term_string"}}],"inLanguage":"en-US"},{"@type":"Organization","@id":"https:\/\/community.avarc.org\/#organization","name":"avArc","url":"https:\/\/community.avarc.org\/","logo":{"@type":"ImageObject","inLanguage":"en-US","@id":"https:\/\/community.avarc.org\/#\/schema\/logo\/image\/","url":"https:\/\/community.avarc.org\/wp-content\/uploads\/2022\/10\/AvarcIconH512.png","contentUrl":"https:\/\/community.avarc.org\/wp-content\/uploads\/2022\/10\/AvarcIconH512.png","width":342,"height":512,"caption":"avArc"},"image":{"@id":"https:\/\/community.avarc.org\/#\/schema\/logo\/image\/"},"sameAs":["https:\/\/www.facebook.com\/avArc.org\/","https:\/\/x.com\/AvarcOrg","https:\/\/www.instagram.com\/avarc_org\/"]}]}},"_links":{"self":[{"href":"https:\/\/community.avarc.org\/en\/wp-json\/wp\/v2\/pages\/245","targetHints":{"allow":["GET"]}}],"collection":[{"href":"https:\/\/community.avarc.org\/en\/wp-json\/wp\/v2\/pages"}],"about":[{"href":"https:\/\/community.avarc.org\/en\/wp-json\/wp\/v2\/types\/page"}],"author":[{"embeddable":true,"href":"https:\/\/community.avarc.org\/en\/wp-json\/wp\/v2\/users\/2"}],"replies":[{"embeddable":true,"href":"https:\/\/community.avarc.org\/en\/wp-json\/wp\/v2\/comments?post=245"}],"version-history":[{"count":1,"href":"https:\/\/community.avarc.org\/en\/wp-json\/wp\/v2\/pages\/245\/revisions"}],"predecessor-version":[{"id":246,"href":"https:\/\/community.avarc.org\/en\/wp-json\/wp\/v2\/pages\/245\/revisions\/246"}],"wp:attachment":[{"href":"https:\/\/community.avarc.org\/en\/wp-json\/wp\/v2\/media?parent=245"}],"curies":[{"name":"wp","href":"https:\/\/api.w.org\/{rel}","templated":true}]}}